{"id":167,"date":"2025-04-14T16:06:48","date_gmt":"2025-04-14T16:06:48","guid":{"rendered":"https:\/\/ceialbania.org\/?page_id=167"},"modified":"2025-04-14T17:44:18","modified_gmt":"2025-04-14T17:44:18","slug":"rreth-cei","status":"publish","type":"page","link":"https:\/\/ceialbania.org\/?page_id=167","title":{"rendered":"Rreth CEI"},"content":{"rendered":"<table class=\"wp-list-table widefat fixed striped table-view-list tags\">\n<tbody id=\"the-list\" data-wp-lists=\"list:tag\">\n<tr id=\"tag-5\" class=\"level-0\">\n<td class=\"description column-description\" data-colname=\"Description\">1. Vizioni i \u201cCivic Engagement Institute\u201d \u00ebsht\u00eb angazhimi qytetar dhe promovimin e vlerave solidare, demokratike, t\u00eb s\u00eb drejt\u00ebs, si edhe zhvillim t\u00eb q\u00ebndruesh\u00ebm mjedisor, ekonomik dhe shoq\u00ebror.<br \/>\n2.Misioni i organizat\u00ebs \u201cCivic Engagement Institute\u201d \u00ebsht\u00eb t\u00eb nxis\u00eb aktivizmin real si pjes\u00eb e shoq\u00ebris\u00eb civile, sipas parimeve t\u00eb s\u00eb drejt\u00ebs, p\u00ebr zhvillim t\u00eb q\u00ebndruesh\u00ebm, fuqizim p\u00ebrmes rritjes s\u00eb kapaciteteve, promovimi i vlerave e mbrojtje e dinjitetit dhe personalitetin njer\u00ebzor, si edhe t\u00eb advokoj\u00eb mir\u00ebqenien e komunitetit dhe an\u00ebtar\u00ebve t\u00eb tij (me fokus prioritar kategorit\u00eb vulnerabil), promovimit t\u00eb kreativitetit, nxitjes komunitare dhe profesionalizmit, rritjes s\u00eb nd\u00ebrgjegjes qytetare mbi problematika q\u00eb prekin shoq\u00ebrin\u00eb ton\u00eb, orientimit drejt nj\u00eb shoq\u00ebrie me vlera n\u00eb bashk\u00ebjetes\u00eb njer\u00ebzore reale dhe virtuale<br \/>\nVeprimtaria dhe sh\u00ebrbimet q\u00eb ofron organizata CEI, jan\u00eb t\u00eb hapura p\u00ebr \u00e7do individ dhe organizat\u00eb t\u00eb interesuar p\u00ebr zhvillimin e aktiviteteve, q\u00eb synojn\u00eb p\u00ebrmbushjen e q\u00ebllimit dhe arritjen e objektivave t\u00eb Organizat\u00ebs.<br \/>\n3.Fusha e veprimtaris\u00eb s\u00eb \u201cCivic Engagement Institute\u201d do t\u00eb p\u00ebrqendrohet n\u00eb k\u00ebto drejtime kryesore:<br \/>\n\u2013 Advokim, sensibilizim dhe p\u00ebrgjigje ndaj \u00e7\u00ebshtjeve gjinore;<br \/>\n\u2013 Edukim mediatik dhe \u00e7\u00ebshtje q\u00eb lidhen me median;<br \/>\n\u2013 Zhvillim i aktiviteteve sportive q\u00eb nxisin vlera sociale dhe mir\u00ebqenie komunitare;<br \/>\n\u2013 Nxitja e zhvillimit t\u00eb q\u00ebndruesh\u00ebm klimatik, energjetik dhe mjedisor, si edhe ekonomik dhe shoq\u00ebror;<br \/>\n\u2013 Promovimi i vlerave t\u00eb Bashkimit Evropian dhe dh\u00ebnie kontributi n\u00eb leht\u00ebsimin e procesit t\u00eb an\u00ebtar\u00ebsimit, p\u00ebrafrimin dhe zbatimin e politikave t\u00eb Bashkimit Evropian;<br \/>\n\u2013 Promovimi i vlerave kulturore, artistike, t\u00eb tradit\u00ebs, kreativitetit, solidaritetit dhe historis\u00eb.<br \/>\n\u2013 Nxitja p\u00ebr p\u00ebrfshirjen e t\u00eb rinjve, f\u00ebmij\u00ebve dhe aktivizmit qytetar n\u00eb komunitet;<br \/>\n\u2013 Sensibilizim p\u00ebr sh\u00ebndet mendor, fizik dhe emotiv.<br \/>\n\u2013 Rritjen e kapaciteteve n\u00ebp\u00ebrmjet trajnimeve, formimeve profesionale dhe zhvillimit t\u00eb praktikave m\u00eb t\u00eb mira p\u00ebr veprimtarit\u00eb e shoq\u00ebris\u00eb civile ne \u00e7\u00ebshtjet sociale.<\/td>\n<\/tr>\n<\/tbody>\n<\/table>\n","protected":false},"excerpt":{"rendered":"<p>1. Vizioni i \u201cCivic Engagement Institute\u201d \u00ebsht\u00eb angazhimi qytetar dhe promovimin e vlerave solidare, demokratike, t\u00eb s\u00eb drejt\u00ebs, si edhe zhvillim t\u00eb q\u00ebndruesh\u00ebm mjedisor, ekonomik dhe shoq\u00ebror. 2.Misioni i organizat\u00ebs \u201cCivic Engagement Institute\u201d \u00ebsht\u00eb t\u00eb nxis\u00eb aktivizmin real si pjes\u00eb e shoq\u00ebris\u00eb civile, sipas parimeve t\u00eb s\u00eb drejt\u00ebs, p\u00ebr zhvillim t\u00eb q\u00ebndruesh\u00ebm, fuqizim p\u00ebrmes rritjes [&hellip;]<\/p>\n","protected":false},"author":1,"featured_media":0,"parent":0,"menu_order":0,"comment_status":"closed","ping_status":"closed","template":"","meta":{"_et_pb_use_builder":"off","_et_pb_old_content":"","_et_gb_content_width":"","footnotes":""},"class_list":["post-167","page","type-page","status-publish","hentry"],"_links":{"self":[{"href":"https:\/\/ceialbania.org\/index.php?rest_route=\/wp\/v2\/pages\/167","targetHints":{"allow":["GET"]}}],"collection":[{"href":"https:\/\/ceialbania.org\/index.php?rest_route=\/wp\/v2\/pages"}],"about":[{"href":"https:\/\/ceialbania.org\/index.php?rest_route=\/wp\/v2\/types\/page"}],"author":[{"embeddable":true,"href":"https:\/\/ceialbania.org\/index.php?rest_route=\/wp\/v2\/users\/1"}],"replies":[{"embeddable":true,"href":"https:\/\/ceialbania.org\/index.php?rest_route=%2Fwp%2Fv2%2Fcomments&post=167"}],"version-history":[{"count":4,"href":"https:\/\/ceialbania.org\/index.php?rest_route=\/wp\/v2\/pages\/167\/revisions"}],"predecessor-version":[{"id":172,"href":"https:\/\/ceialbania.org\/index.php?rest_route=\/wp\/v2\/pages\/167\/revisions\/172"}],"wp:attachment":[{"href":"https:\/\/ceialbania.org\/index.php?rest_route=%2Fwp%2Fv2%2Fmedia&parent=167"}],"curies":[{"name":"wp","href":"https:\/\/api.w.org\/{rel}","templated":true}]}}